{"id":19,"date":"2025-09-10T10:23:24","date_gmt":"2025-09-10T10:23:24","guid":{"rendered":"https:\/\/www.rebyte.ch\/?page_id=19"},"modified":"2025-09-10T19:25:36","modified_gmt":"2025-09-10T19:25:36","slug":"industrie","status":"publish","type":"page","link":"https:\/\/www.rebyte.ch\/?page_id=19","title":{"rendered":"Industrie"},"content":{"rendered":"\n<h2 class=\"wp-block-heading\">Industrie<\/h2>\n\n\n\n<p class=\"has-small-font-size\">Wir durften schon viele Projekte durchf\u00fchren, was uns sehr freut. Um Ihnen einen Einblick in unsere verschiedenen Arbeiten zu geben, finden Sie eine Aufstellung der verschiedenen Projekte, die wir bereits realisiert haben. Interessieren Sie sich f\u00fcr ein Projekt besonders, z\u00f6gern Sie nicht, uns zu kontaktieren. Wir erz\u00e4hlen Ihnen gerne mehr davon.<\/p>\n\n\n\n<hr class=\"wp-block-separator has-alpha-channel-opacity\"\/>\n\n\n\n<h3 class=\"wp-block-heading\">Ref. 0030: Auswertungstool Versandhandel<\/h3>\n\n\n\n<p class=\"has-small-font-size\">(Frontend MS Access \/ Backend MS Access)<\/p>\n\n\n\n<div class=\"wp-block-media-text is-stacked-on-mobile\" style=\"grid-template-columns:30% auto\"><figure class=\"wp-block-media-text__media\"><img loading=\"lazy\" decoding=\"async\" width=\"824\" height=\"533\" src=\"https:\/\/www.rebyte.ch\/wp-content\/uploads\/2025\/09\/Auswertungstool_Versandhandel_2.png\" alt=\"\" class=\"wp-image-123 size-full\" srcset=\"https:\/\/www.rebyte.ch\/wp-content\/uploads\/2025\/09\/Auswertungstool_Versandhandel_2.png 824w, https:\/\/www.rebyte.ch\/wp-content\/uploads\/2025\/09\/Auswertungstool_Versandhandel_2-300x194.png 300w, https:\/\/www.rebyte.ch\/wp-content\/uploads\/2025\/09\/Auswertungstool_Versandhandel_2-768x497.png 768w\" sizes=\"auto, (max-width: 824px) 100vw, 824px\" \/><\/figure><div class=\"wp-block-media-text__content\">\n<p class=\"has-small-font-size\">Projektauftrag: Entwicklung eines Programms zur Auswertung von Bestelldaten, erfasst im SAP.<\/p>\n\n\n\n<p class=\"has-small-font-size\">F\u00fcr die Datenaufbereitung wurde eine Schnittstelle entwickelt, um die SAP-Daten in die MS Access Umgebung zu importieren. Mit diesen importierten Daten lassen sich nun die unterschiedlichsten georeferenzierten Auswertungen erstellen. Mit Hilfe dieser Daten sollen regionalabh\u00e4ngige Verkaufsums\u00e4tze dargestellt werden oder auch Aussagen \u00fcber Lieferkosten und deren Optimierung ableitbar sein. \u00dcber ein ebenfalls im Programm enthaltenes Modul, hat der Benutzer die M\u00f6glichkeit weitere Auswertungsvarianten zu entwickeln oder Attribute, wie Grenzwerte, Farben, Symbole, Gr\u00f6ssen, \u2026 bestehender Auswertungen anzupassen.<br>Die Georeferenzierung basiert in diesem Projekt auf den Koordinaten von Ortschaften (Abbildung 1). Dazu hat die Firma reByte GmbH einen kompletten Datenstamm erarbeitet, in welchem f\u00fcr alle Ortschaften die dazugeh\u00f6rigen Koordinaten hinterlegt sind. Zus\u00e4tzlich wurden einzelne Ortschaften zu Regionen zusammengefasst, was die neue M\u00f6glichkeit er\u00f6ffnet, Auswertungen auch f\u00fcr ganze Gebiete zu fahren (Abbildung 2).<\/p>\n<\/div><\/div>\n","protected":false},"excerpt":{"rendered":"<p>Industrie Wir durften schon viele Projekte durchf\u00fchren, was uns sehr freut. Um Ihnen einen Einblick in unsere verschiedenen Arbeiten zu geben, finden Sie eine Aufstellung der verschiedenen Projekte, die wir bereits realisiert haben. Interessieren Sie sich f\u00fcr ein Projekt besonders, z\u00f6gern Sie nicht, uns zu kontaktieren. Wir erz\u00e4hlen Ihnen gerne mehr davon. Ref. 0030: Auswertungstool [&hellip;]<\/p>\n","protected":false},"author":1,"featured_media":0,"parent":0,"menu_order":0,"comment_status":"closed","ping_status":"closed","template":"page-no-title","meta":{"_uag_custom_page_level_css":"","footnotes":""},"class_list":["post-19","page","type-page","status-publish","hentry"],"uagb_featured_image_src":{"full":false,"thumbnail":false,"medium":false,"medium_large":false,"large":false,"1536x1536":false,"2048x2048":false},"uagb_author_info":{"display_name":"admin","author_link":"https:\/\/www.rebyte.ch\/?author=1"},"uagb_comment_info":0,"uagb_excerpt":"Industrie Wir durften schon viele Projekte durchf\u00fchren, was uns sehr freut. Um Ihnen einen Einblick in unsere verschiedenen Arbeiten zu geben, finden Sie eine Aufstellung der verschiedenen Projekte, die wir bereits realisiert haben. Interessieren Sie sich f\u00fcr ein Projekt besonders, z\u00f6gern Sie nicht, uns zu kontaktieren. Wir erz\u00e4hlen Ihnen gerne mehr davon. Ref. 0030: Auswertungstool&hellip;","_links":{"self":[{"href":"https:\/\/www.rebyte.ch\/index.php?rest_route=\/wp\/v2\/pages\/19","targetHints":{"allow":["GET"]}}],"collection":[{"href":"https:\/\/www.rebyte.ch\/index.php?rest_route=\/wp\/v2\/pages"}],"about":[{"href":"https:\/\/www.rebyte.ch\/index.php?rest_route=\/wp\/v2\/types\/page"}],"author":[{"embeddable":true,"href":"https:\/\/www.rebyte.ch\/index.php?rest_route=\/wp\/v2\/users\/1"}],"replies":[{"embeddable":true,"href":"https:\/\/www.rebyte.ch\/index.php?rest_route=%2Fwp%2Fv2%2Fcomments&post=19"}],"version-history":[{"count":2,"href":"https:\/\/www.rebyte.ch\/index.php?rest_route=\/wp\/v2\/pages\/19\/revisions"}],"predecessor-version":[{"id":124,"href":"https:\/\/www.rebyte.ch\/index.php?rest_route=\/wp\/v2\/pages\/19\/revisions\/124"}],"wp:attachment":[{"href":"https:\/\/www.rebyte.ch\/index.php?rest_route=%2Fwp%2Fv2%2Fmedia&parent=19"}],"curies":[{"name":"wp","href":"https:\/\/api.w.org\/{rel}","templated":true}]}}