{"id":17,"date":"2025-09-10T10:23:10","date_gmt":"2025-09-10T10:23:10","guid":{"rendered":"https:\/\/www.rebyte.ch\/?page_id=17"},"modified":"2025-09-10T19:20:50","modified_gmt":"2025-09-10T19:20:50","slug":"behoerden","status":"publish","type":"page","link":"https:\/\/www.rebyte.ch\/?page_id=17","title":{"rendered":"Beh\u00f6rden"},"content":{"rendered":"\n<h2 class=\"wp-block-heading\">Beh\u00f6rden<\/h2>\n\n\n\n<p class=\"has-small-font-size\">Wir durften schon viele Projekte durchf\u00fchren, was uns sehr freut. Um Ihnen einen Einblick in unsere verschiedenen Arbeiten zu geben, finden Sie eine Aufstellung der verschiedenen Projekte, die wir bereits realisiert haben. Interessieren Sie sich f\u00fcr ein Projekt besonders, z\u00f6gern Sie nicht, uns zu kontaktieren. Wir erz\u00e4hlen Ihnen gerne mehr davon.<\/p>\n\n\n\n<hr class=\"wp-block-separator has-alpha-channel-opacity\"\/>\n\n\n\n<h3 class=\"wp-block-heading\">Ref. 0059: Biologie Informations-System<\/h3>\n\n\n\n<p class=\"has-small-font-size\">(Frontend MS Access \/ Backend MS Access)<\/p>\n\n\n\n<div class=\"wp-block-media-text is-stacked-on-mobile\" style=\"grid-template-columns:30% auto\"><figure class=\"wp-block-media-text__media\"><img loading=\"lazy\" decoding=\"async\" width=\"696\" height=\"1024\" src=\"https:\/\/www.rebyte.ch\/wp-content\/uploads\/2025\/09\/Biologie_Informations-System-696x1024.png\" alt=\"\" class=\"wp-image-117 size-full\" srcset=\"https:\/\/www.rebyte.ch\/wp-content\/uploads\/2025\/09\/Biologie_Informations-System-696x1024.png 696w, https:\/\/www.rebyte.ch\/wp-content\/uploads\/2025\/09\/Biologie_Informations-System-204x300.png 204w, https:\/\/www.rebyte.ch\/wp-content\/uploads\/2025\/09\/Biologie_Informations-System-768x1131.png 768w, https:\/\/www.rebyte.ch\/wp-content\/uploads\/2025\/09\/Biologie_Informations-System.png 877w\" sizes=\"auto, (max-width: 696px) 100vw, 696px\" \/><\/figure><div class=\"wp-block-media-text__content\">\n<p class=\"has-small-font-size\">Projektauftrag: Entwicklung eines Programms zur Erfassung biologischer Kenndaten (Hydrologie, pflanzlicher Bewuchs, Zoobenthos, Kieselalgen, \u2026) im Feld und B\u00fcro, inkl. Schnittstelle von und zu GIS.<\/p>\n\n\n\n<p class=\"has-small-font-size\">Die Datenerfassung ist in der Art konzipiert, dass sowohl im Feld wie auch im B\u00fcro erfasst werden k\u00f6nnen. Die erfassten Daten k\u00f6nnen anschliessend mit den im System hinterlegten out\u00f6kologischen Indexwerten verkn\u00fcpft und somit komplexe Datenauswertung ausgef\u00fchrt werden.<\/p>\n\n\n\n<p class=\"has-small-font-size\">Zur Visualisierung der erfassten und berechneten Daten wurde ein komplexes Berichtswesen generiert, inkl. integrierter Erstellung von PDF-Dateien.<\/p>\n<\/div><\/div>\n\n\n\n<hr class=\"wp-block-separator has-alpha-channel-opacity\"\/>\n\n\n\n<h3 class=\"wp-block-heading\">Ref. 0062: Fisch-\/Krebsdatenbank<\/h3>\n\n\n\n<p class=\"has-small-font-size\">(Frontend MS Access \/ Backend MS Access)<\/p>\n\n\n\n<div class=\"wp-block-media-text is-stacked-on-mobile\" style=\"grid-template-columns:30% auto\"><figure class=\"wp-block-media-text__media\"><img loading=\"lazy\" decoding=\"async\" width=\"739\" height=\"627\" src=\"https:\/\/www.rebyte.ch\/wp-content\/uploads\/2025\/09\/Fisch-Krebsdatenbank.png\" alt=\"\" class=\"wp-image-118 size-full\" srcset=\"https:\/\/www.rebyte.ch\/wp-content\/uploads\/2025\/09\/Fisch-Krebsdatenbank.png 739w, https:\/\/www.rebyte.ch\/wp-content\/uploads\/2025\/09\/Fisch-Krebsdatenbank-300x255.png 300w\" sizes=\"auto, (max-width: 739px) 100vw, 739px\" \/><\/figure><div class=\"wp-block-media-text__content\">\n<p class=\"has-small-font-size\">Projektauftrag: Entwicklung eines Programms zur Verwaltung von Fisch- und Krebsbest\u00e4nden, inkl. Schnittstelle zu einem GIS-System.<\/p>\n\n\n\n<p class=\"has-small-font-size\">Die Datenerhebung erfolgt in der MS Access basierten Applikation. Die erfassten Datenk\u00f6nnen georeferenziert ausgewertet werden (siehe Abbildung) und geben dem Benutzer einen schnellen \u00dcberblick von der Ausbreitung bestimmter Fischarten, Fangaktivit\u00e4ten w\u00e4hrend bestimmter Zeitperioden, \u2026 F\u00fcr umfangreichere Auswertungen wurde im GIS (ArcView) eine Datenschnittstelle entwickelt, um die Daten von der MS Access-Umgebung importieren und damit noch komplexere Datenanalysen ausf\u00fchren zu k\u00f6nnen.<\/p>\n<\/div><\/div>\n\n\n\n<hr class=\"wp-block-separator has-alpha-channel-opacity\"\/>\n\n\n\n<h3 class=\"wp-block-heading\">Ref. 0073: Wasserpflanzenkartierung<\/h3>\n\n\n\n<p class=\"has-small-font-size\">(Frontend MS Access \/ Backend MS Access)<\/p>\n\n\n\n<div class=\"wp-block-media-text is-stacked-on-mobile\" style=\"grid-template-columns:30% auto\"><figure class=\"wp-block-media-text__media\"><img loading=\"lazy\" decoding=\"async\" width=\"881\" height=\"670\" src=\"https:\/\/www.rebyte.ch\/wp-content\/uploads\/2025\/09\/Wasserpflanzenkartierung.png\" alt=\"\" class=\"wp-image-119 size-full\" srcset=\"https:\/\/www.rebyte.ch\/wp-content\/uploads\/2025\/09\/Wasserpflanzenkartierung.png 881w, https:\/\/www.rebyte.ch\/wp-content\/uploads\/2025\/09\/Wasserpflanzenkartierung-300x228.png 300w, https:\/\/www.rebyte.ch\/wp-content\/uploads\/2025\/09\/Wasserpflanzenkartierung-768x584.png 768w\" sizes=\"auto, (max-width: 881px) 100vw, 881px\" \/><\/figure><div class=\"wp-block-media-text__content\">\n<p class=\"has-small-font-size\">Projektauftrag: Entwicklung eines Programms f\u00fcr die Erhebung des Wasserpflanzenbestandes und Erstellung von Kartierungen, inkl. Anbindung an GIS-System.<\/p>\n\n\n\n<p class=\"has-small-font-size\">Die Datenerhebung erfolgt in der MS Access basierten Applikation. Projekt- und fl\u00e4chenbezogen werden die einzelnen Wasserpflanzenarten mit diversen Zusatzinformationen erfasst. Diese eingegeben Daten werden durch die Umsetzung geeigneter Schnittstellen mit Daten vom GIS (H\u00f6henkurven, Polygone, Beschriftungen, \u2026) erg\u00e4nzt. Mit diversen Auswertungen, ebenfalls komplett in MS Access entwickelt, k\u00f6nnen diese Daten visualisiert werden (siehe 1. Abbildung). So erh\u00e4lt der Benutzer zum Beispiel einen \u00dcberblick der Verbreitung einer bestimmten Art, der Gef\u00e4hrdungsgrad von vorkommenden Arten, \u2026 &#8211; ein &#8222;Mini-GIS&#8220; auf Basis MS Access.<br>Zus\u00e4tzlich zu den georeferenzierten, lassen sich auch grafische (z.B. H\u00f6henprofil) oder tabellarische Auswertungen erstellen. Bei den tabellarischen Datenauswertungen k\u00f6nnen zudem optional Exporte ins Excel durchgef\u00fchrt \u00a0werden.<br>Als weiteres Highlight in diesem Projekt kann die nicht ortsgebundene Datenerfassung bezeichnet werden. So k\u00f6nnen die Daten auf mobilen Computern im Feld erfasst werden, um nach R\u00fcckkehr ins B\u00fcro mit der Hauptdatenbank abgeglichen zu werden und sofort in Auswertungen verwendbar zu sein.<\/p>\n<\/div><\/div>\n","protected":false},"excerpt":{"rendered":"<p>Beh\u00f6rden Wir durften schon viele Projekte durchf\u00fchren, was uns sehr freut. Um Ihnen einen Einblick in unsere verschiedenen Arbeiten zu geben, finden Sie eine Aufstellung der verschiedenen Projekte, die wir bereits realisiert haben. Interessieren Sie sich f\u00fcr ein Projekt besonders, z\u00f6gern Sie nicht, uns zu kontaktieren. Wir erz\u00e4hlen Ihnen gerne mehr davon. Ref. 0059: Biologie [&hellip;]<\/p>\n","protected":false},"author":1,"featured_media":0,"parent":0,"menu_order":0,"comment_status":"closed","ping_status":"closed","template":"page-no-title","meta":{"_uag_custom_page_level_css":"","footnotes":""},"class_list":["post-17","page","type-page","status-publish","hentry"],"uagb_featured_image_src":{"full":false,"thumbnail":false,"medium":false,"medium_large":false,"large":false,"1536x1536":false,"2048x2048":false},"uagb_author_info":{"display_name":"admin","author_link":"https:\/\/www.rebyte.ch\/?author=1"},"uagb_comment_info":0,"uagb_excerpt":"Beh\u00f6rden Wir durften schon viele Projekte durchf\u00fchren, was uns sehr freut. Um Ihnen einen Einblick in unsere verschiedenen Arbeiten zu geben, finden Sie eine Aufstellung der verschiedenen Projekte, die wir bereits realisiert haben. Interessieren Sie sich f\u00fcr ein Projekt besonders, z\u00f6gern Sie nicht, uns zu kontaktieren. Wir erz\u00e4hlen Ihnen gerne mehr davon. Ref. 0059: Biologie&hellip;","_links":{"self":[{"href":"https:\/\/www.rebyte.ch\/index.php?rest_route=\/wp\/v2\/pages\/17","targetHints":{"allow":["GET"]}}],"collection":[{"href":"https:\/\/www.rebyte.ch\/index.php?rest_route=\/wp\/v2\/pages"}],"about":[{"href":"https:\/\/www.rebyte.ch\/index.php?rest_route=\/wp\/v2\/types\/page"}],"author":[{"embeddable":true,"href":"https:\/\/www.rebyte.ch\/index.php?rest_route=\/wp\/v2\/users\/1"}],"replies":[{"embeddable":true,"href":"https:\/\/www.rebyte.ch\/index.php?rest_route=%2Fwp%2Fv2%2Fcomments&post=17"}],"version-history":[{"count":2,"href":"https:\/\/www.rebyte.ch\/index.php?rest_route=\/wp\/v2\/pages\/17\/revisions"}],"predecessor-version":[{"id":120,"href":"https:\/\/www.rebyte.ch\/index.php?rest_route=\/wp\/v2\/pages\/17\/revisions\/120"}],"wp:attachment":[{"href":"https:\/\/www.rebyte.ch\/index.php?rest_route=%2Fwp%2Fv2%2Fmedia&parent=17"}],"curies":[{"name":"wp","href":"https:\/\/api.w.org\/{rel}","templated":true}]}}