{"id":15,"date":"2025-09-10T10:22:40","date_gmt":"2025-09-10T10:22:40","guid":{"rendered":"https:\/\/www.rebyte.ch\/?page_id=15"},"modified":"2025-09-10T19:00:28","modified_gmt":"2025-09-10T19:00:28","slug":"dienstleistungen","status":"publish","type":"page","link":"https:\/\/www.rebyte.ch\/?page_id=15","title":{"rendered":"Dienstleistungen"},"content":{"rendered":"\n<h2 class=\"wp-block-heading\">Dienstleistungen<\/h2>\n\n\n\n<p class=\"has-small-font-size\">Wissen ist Macht und Wissen ist eines der wertvollsten G\u00fcter dieser Welt. Wir helfen Ihnen Ihre Daten sicher zu verwalten und dass diese Informationen stets abrufbar sind. Eine Datenbank eignet sich dazu bestens.<\/p>\n\n\n\n<p class=\"has-small-font-size\">Vielleicht wollen Sie Ihr Wissen mit der Welt teilen und haben schon \u00fcber den Einsatz einer eigenen Webseite nachgedacht. Wir beraten Sie da gerne und ebnen Ihnen den Weg f\u00fcr Ihren Internetauftritt.<\/p>\n\n\n\n<p class=\"has-small-font-size\">Wir unterst\u00fctzen Sie auch im Einsatz der g\u00e4ngigen IT-Werkzeuge von Microsoft, wie Word, Excel, Powerpoint \u2026 Sei dies bei der Erstellung von Vorlagen oder bei der Durchf\u00fchrung von auf sie zugeschnittene Schulungen.<\/p>\n\n\n\n<p class=\"has-small-font-size\">Jahrelange Erfahrung und viel Leidenschaft zeichnet uns als IT-Firma aus. Alle Projekte gehen wir einzeln an und erarbeiten die kundenspezifischen W\u00fcnsche.<\/p>\n\n\n\n<div style=\"height:100px\" aria-hidden=\"true\" class=\"wp-block-spacer\"><\/div>\n\n\n\n<h2 class=\"wp-block-heading\" id=\"beratung\">Beratung<\/h2>\n\n\n\n<div class=\"wp-block-media-text is-stacked-on-mobile\" style=\"grid-template-columns:30% auto\"><figure class=\"wp-block-media-text__media\"><img loading=\"lazy\" decoding=\"async\" width=\"1024\" height=\"1024\" src=\"https:\/\/www.rebyte.ch\/wp-content\/uploads\/2025\/09\/Beratung-1024x1024.png\" alt=\"\" class=\"wp-image-89 size-full\" srcset=\"https:\/\/www.rebyte.ch\/wp-content\/uploads\/2025\/09\/Beratung-1024x1024.png 1024w, https:\/\/www.rebyte.ch\/wp-content\/uploads\/2025\/09\/Beratung-300x300.png 300w, https:\/\/www.rebyte.ch\/wp-content\/uploads\/2025\/09\/Beratung-150x150.png 150w, https:\/\/www.rebyte.ch\/wp-content\/uploads\/2025\/09\/Beratung-768x768.png 768w, https:\/\/www.rebyte.ch\/wp-content\/uploads\/2025\/09\/Beratung-1536x1536.png 1536w, https:\/\/www.rebyte.ch\/wp-content\/uploads\/2025\/09\/Beratung.png 2000w\" sizes=\"auto, (max-width: 1024px) 100vw, 1024px\" \/><\/figure><div class=\"wp-block-media-text__content\">\n<p class=\"has-small-font-size\">Informatikprobleme k\u00f6nnen in kleine \u00fcberschaubare und l\u00f6sbare Probleme aufgeteilt werden. Wir begleiten und unterst\u00fctzen Sie gerne auf diesem Weg.<\/p>\n\n\n\n<p class=\"has-small-font-size\">Wir beraten Sie kompetent und zuverl\u00e4ssig bei:<br>&#8211; Schulungskonzepten f\u00fcr Firma<br>&#8211; Machbarkeitsstudien von Datenbanksystemen<br>&#8211; Evaluation von Datenbanksystemen<br>&#8211; Migration von Datenbanksystemen<br>&#8211; Datenbankdesign<br><\/p>\n\n\n\n<p class=\"has-small-font-size\">&#8211; Entwicklung von Vorlagen in der MS Office Palette<br>&#8211; VBA-Makros<br>&#8211; Umsetzung der CI-Vorgaben in Word und Excel<br><\/p>\n\n\n\n<p class=\"has-small-font-size\">&#8211; Beurteilung des eigenen Internetauftritts<\/p>\n\n\n\n<p class=\"has-small-font-size\">&#8211; Schulungskonzepten f\u00fcr Firma<\/p>\n<\/div><\/div>\n\n\n\n<div style=\"height:100px\" aria-hidden=\"true\" class=\"wp-block-spacer\"><\/div>\n\n\n\n<h2 class=\"wp-block-heading\" id=\"entwicklung\">Entwicklung<\/h2>\n\n\n\n<div class=\"wp-block-media-text is-stacked-on-mobile\" style=\"grid-template-columns:30% auto\"><figure class=\"wp-block-media-text__media\"><img loading=\"lazy\" decoding=\"async\" width=\"1024\" height=\"1024\" src=\"https:\/\/www.rebyte.ch\/wp-content\/uploads\/2025\/09\/Entwicklung-1024x1024.png\" alt=\"\" class=\"wp-image-88 size-full\" srcset=\"https:\/\/www.rebyte.ch\/wp-content\/uploads\/2025\/09\/Entwicklung-1024x1024.png 1024w, https:\/\/www.rebyte.ch\/wp-content\/uploads\/2025\/09\/Entwicklung-300x300.png 300w, https:\/\/www.rebyte.ch\/wp-content\/uploads\/2025\/09\/Entwicklung-150x150.png 150w, https:\/\/www.rebyte.ch\/wp-content\/uploads\/2025\/09\/Entwicklung-768x768.png 768w, https:\/\/www.rebyte.ch\/wp-content\/uploads\/2025\/09\/Entwicklung-1536x1536.png 1536w, https:\/\/www.rebyte.ch\/wp-content\/uploads\/2025\/09\/Entwicklung.png 2000w\" sizes=\"auto, (max-width: 1024px) 100vw, 1024px\" \/><\/figure><div class=\"wp-block-media-text__content\">\n<p class=\"has-small-font-size\">Gestalten Sie Ihren Arbeits-alltag effizienter mit auf Sie abgestimmte L\u00f6sungen. Wir sind flexibel und entwickeln Programme f\u00fcr Ihre indivi-duellen Gesch\u00e4ftsprozesse.<\/p>\n\n\n\n<p class=\"has-small-font-size\">Wir entwickeln Programme auf der Basis von \u2026<br>&#8211; Websitegestaltung (Jimdo)<br>&#8211; Benutzerschnittstellen (Access9x, Access20x, Visual Basic)<br>&#8211; Aufsetzen\/Unterhalten von Datenbanken (Access, dBase, SQL Server, Oracle, MySQL)<br>&#8211; VBA-Programmierung f\u00fcr gesamte Microsoft Officepalette<\/p>\n<\/div><\/div>\n\n\n\n<div style=\"height:100px\" aria-hidden=\"true\" class=\"wp-block-spacer\"><\/div>\n\n\n\n<h2 class=\"wp-block-heading\" id=\"schulung\">Schulung<\/h2>\n\n\n\n<div class=\"wp-block-media-text is-stacked-on-mobile\" style=\"grid-template-columns:30% auto\"><figure class=\"wp-block-media-text__media\"><img loading=\"lazy\" decoding=\"async\" width=\"1024\" height=\"1024\" src=\"https:\/\/www.rebyte.ch\/wp-content\/uploads\/2025\/09\/Schulung-1024x1024.png\" alt=\"\" class=\"wp-image-90 size-full\" srcset=\"https:\/\/www.rebyte.ch\/wp-content\/uploads\/2025\/09\/Schulung-1024x1024.png 1024w, https:\/\/www.rebyte.ch\/wp-content\/uploads\/2025\/09\/Schulung-300x300.png 300w, https:\/\/www.rebyte.ch\/wp-content\/uploads\/2025\/09\/Schulung-150x150.png 150w, https:\/\/www.rebyte.ch\/wp-content\/uploads\/2025\/09\/Schulung-768x768.png 768w, https:\/\/www.rebyte.ch\/wp-content\/uploads\/2025\/09\/Schulung-1536x1536.png 1536w, https:\/\/www.rebyte.ch\/wp-content\/uploads\/2025\/09\/Schulung.png 2000w\" sizes=\"auto, (max-width: 1024px) 100vw, 1024px\" \/><\/figure><div class=\"wp-block-media-text__content\">\n<p class=\"has-small-font-size\">Standardprogramme k\u00f6nnten sehr oft effizienter eingesetzt werden. Wir besitzen eine umfangreiche Palette an IT-Schulungen, um neue und wertvolle M\u00f6glichkeiten zu entdecken.<\/p>\n\n\n\n<p class=\"has-small-font-size\">Unser Schulungsangebot:<br>&#8211; Umsetzung des CI in den Informatiktools (Word, Excel, Powerpoint, Outlook)<br>&#8211; Schulung gesamte Palette Mircosoft Office (Anf\u00e4nger bis Profi)<br>&#8211; SIZ-Anwender II<br>&#8211; Workshops zu einzelnen Produkten der Office Palette (z.B. Accessentwickler Workshops)<br>&#8211; Datenbankdesign<\/p>\n<\/div><\/div>\n\n\n\n<div style=\"height:100px\" aria-hidden=\"true\" class=\"wp-block-spacer\"><\/div>\n","protected":false},"excerpt":{"rendered":"<p>Dienstleistungen Wissen ist Macht und Wissen ist eines der wertvollsten G\u00fcter dieser Welt. Wir helfen Ihnen Ihre Daten sicher zu verwalten und dass diese Informationen stets abrufbar sind. Eine Datenbank eignet sich dazu bestens. Vielleicht wollen Sie Ihr Wissen mit der Welt teilen und haben schon \u00fcber den Einsatz einer eigenen Webseite nachgedacht. Wir beraten [&hellip;]<\/p>\n","protected":false},"author":1,"featured_media":0,"parent":0,"menu_order":0,"comment_status":"closed","ping_status":"closed","template":"page-no-title","meta":{"_uag_custom_page_level_css":"","footnotes":""},"class_list":["post-15","page","type-page","status-publish","hentry"],"uagb_featured_image_src":{"full":false,"thumbnail":false,"medium":false,"medium_large":false,"large":false,"1536x1536":false,"2048x2048":false},"uagb_author_info":{"display_name":"admin","author_link":"https:\/\/www.rebyte.ch\/?author=1"},"uagb_comment_info":0,"uagb_excerpt":"Dienstleistungen Wissen ist Macht und Wissen ist eines der wertvollsten G\u00fcter dieser Welt. Wir helfen Ihnen Ihre Daten sicher zu verwalten und dass diese Informationen stets abrufbar sind. Eine Datenbank eignet sich dazu bestens. Vielleicht wollen Sie Ihr Wissen mit der Welt teilen und haben schon \u00fcber den Einsatz einer eigenen Webseite nachgedacht. Wir beraten&hellip;","_links":{"self":[{"href":"https:\/\/www.rebyte.ch\/index.php?rest_route=\/wp\/v2\/pages\/15","targetHints":{"allow":["GET"]}}],"collection":[{"href":"https:\/\/www.rebyte.ch\/index.php?rest_route=\/wp\/v2\/pages"}],"about":[{"href":"https:\/\/www.rebyte.ch\/index.php?rest_route=\/wp\/v2\/types\/page"}],"author":[{"embeddable":true,"href":"https:\/\/www.rebyte.ch\/index.php?rest_route=\/wp\/v2\/users\/1"}],"replies":[{"embeddable":true,"href":"https:\/\/www.rebyte.ch\/index.php?rest_route=%2Fwp%2Fv2%2Fcomments&post=15"}],"version-history":[{"count":2,"href":"https:\/\/www.rebyte.ch\/index.php?rest_route=\/wp\/v2\/pages\/15\/revisions"}],"predecessor-version":[{"id":110,"href":"https:\/\/www.rebyte.ch\/index.php?rest_route=\/wp\/v2\/pages\/15\/revisions\/110"}],"wp:attachment":[{"href":"https:\/\/www.rebyte.ch\/index.php?rest_route=%2Fwp%2Fv2%2Fmedia&parent=15"}],"curies":[{"name":"wp","href":"https:\/\/api.w.org\/{rel}","templated":true}]}}